{"id":103,"date":"2017-04-04T12:00:33","date_gmt":"2017-04-04T12:00:33","guid":{"rendered":"http:\/\/offenbar-offenbach.de\/?page_id=103"},"modified":"2025-09-02T07:41:59","modified_gmt":"2025-09-02T07:41:59","slug":"alexandra-hoffmann","status":"publish","type":"page","link":"https:\/\/offenbar-offenbach.de\/?page_id=103","title":{"rendered":"Alexandra Hoffmann"},"content":{"rendered":"\n<p>K\u00fcnstlerisches Schaffen in Beton, Linoldruck und Stickerei<\/p>\n\n\n\n<!--more-->\n\n\n\n<div class=\"wp-block-columns is-layout-flex wp-container-core-columns-is-layout-9d6595d7 wp-block-columns-is-layout-flex\">\n<div class=\"wp-block-column is-layout-flow wp-block-column-is-layout-flow\" style=\"flex-basis:33.33%\">\n<figure class=\"wp-block-image size-large\"><img loading=\"lazy\" decoding=\"async\" width=\"1024\" height=\"1024\" src=\"https:\/\/offenbar-offenbach.de\/wp-content\/uploads\/2024\/05\/Alex_Homepage_sw-1024x1024.jpg\" alt=\"\" class=\"wp-image-1576\" srcset=\"https:\/\/offenbar-offenbach.de\/wp-content\/uploads\/2024\/05\/Alex_Homepage_sw-1024x1024.jpg 1024w, https:\/\/offenbar-offenbach.de\/wp-content\/uploads\/2024\/05\/Alex_Homepage_sw-300x300.jpg 300w, https:\/\/offenbar-offenbach.de\/wp-content\/uploads\/2024\/05\/Alex_Homepage_sw-150x150.jpg 150w, https:\/\/offenbar-offenbach.de\/wp-content\/uploads\/2024\/05\/Alex_Homepage_sw-768x768.jpg 768w, https:\/\/offenbar-offenbach.de\/wp-content\/uploads\/2024\/05\/Alex_Homepage_sw-1536x1536.jpg 1536w, https:\/\/offenbar-offenbach.de\/wp-content\/uploads\/2024\/05\/Alex_Homepage_sw-2048x2048.jpg 2048w, https:\/\/offenbar-offenbach.de\/wp-content\/uploads\/2024\/05\/Alex_Homepage_sw-90x90.jpg 90w, https:\/\/offenbar-offenbach.de\/wp-content\/uploads\/2024\/05\/Alex_Homepage_sw-380x380.jpg 380w\" sizes=\"auto, (max-width: 1024px) 100vw, 1024px\" \/><\/figure>\n<\/div>\n\n\n\n<div class=\"wp-block-column is-layout-flow wp-block-column-is-layout-flow\" style=\"flex-basis:66.66%\">\n<p>Das Unvollkommene, Unperfekte macht f\u00fcr Alexandra Hoffmann den Reiz des Werkstoffs Beton aus. Um ihre kreative Seite auszuleben, begann sie 2015, mit dem Werkstoff Beton zu experimentieren. Tauchte Formen in die graue Masse, versenkte Tassen, Messing oder Lampenfassungen darin. So entstanden die ersten Entw\u00fcrfe f\u00fcr ihre originellen Objekte unter dem Label Betonst\u00fcck. Sie sind nicht ganz perfekt. So d\u00fcrfen sie auch sein. Immer entscheidet der Beton selbst, was er macht. In Offenbach hat Alexandra Hoffmann das kreative Umfeld gefunden, das ihr die M\u00f6glichkeit gibt, Neues auszuprobieren und zu entwickeln.<\/p>\n<\/div>\n<\/div>\n\n\n\n<p>2020 kam das Linoldrucken als kreativer Ausdruck\/Ausgleich dazu,&nbsp;2022 wurden diese zu Stickdateien umgewandelt und in Verbindung mit kleinen Betonrahmen zu einzigartigen Kunstwerken weiterentwickelt<\/p>\n\n\n\n<p>Alexandra Hoffmann, Jahrgang 1976, arbeitet aktuell als Ergotherapeutin in einer Beratungsstelle, mit dem Ziel, Kindern oder Erwachsenen, die nicht oder kaum sprechen k\u00f6nnen, eine Alternative aufzuzeigen, damit diese am Alltag kommunikativ teilhaben k\u00f6nnen.<\/p>\n\n\n\n<p><\/p>\n\n\n\n<p class=\"has-text-align-left\">\u25ba <a rel=\"noreferrer noopener\" href=\"https:\/\/www.instagram.com\/druck_betonstueck\/\" data-type=\"URL\" data-id=\"https:\/\/www.instagram.com\/druck_betonstueck\/\" target=\"_blank\">Betonst\u00fcck und Druckst\u00fcck auf Instagram<\/a>        \u25ba <a rel=\"noreferrer noopener\" href=\"https:\/\/www.instagram.com\/druck_betonstueck\/\" data-type=\"URL\" data-id=\"https:\/\/www.instagram.com\/druck_betonstueck\/\" target=\"_blank\">Stickverr\u00fcckt auf Instagram<\/a><br>\u25ba<a href=\"https:\/\/www.facebook.com\/alex.hoffof\/\" data-type=\"URL\" data-id=\"https:\/\/www.facebook.com\/alex.hoffof\/\"> Alles auf Facebook<\/a><\/p>\n\n\n\n<figure class=\"wp-block-gallery has-nested-images columns-default is-cropped wp-block-gallery-1 is-layout-flex wp-block-gallery-is-layout-flex\">\n<figure class=\"wp-block-image size-large\"><img loading=\"lazy\" decoding=\"async\" width=\"757\" height=\"819\" data-id=\"1569\" src=\"https:\/\/offenbar-offenbach.de\/wp-content\/uploads\/2024\/05\/20240502_111038-1.jpg\" alt=\"\" class=\"wp-image-1569\" srcset=\"https:\/\/offenbar-offenbach.de\/wp-content\/uploads\/2024\/05\/20240502_111038-1.jpg 757w, https:\/\/offenbar-offenbach.de\/wp-content\/uploads\/2024\/05\/20240502_111038-1-277x300.jpg 277w, https:\/\/offenbar-offenbach.de\/wp-content\/uploads\/2024\/05\/20240502_111038-1-351x380.jpg 351w\" sizes=\"auto, (max-width: 757px) 100vw, 757px\" \/><figcaption class=\"wp-element-caption\">Betonst\u00fcck<\/figcaption><\/figure>\n\n\n\n<figure class=\"wp-block-image size-large\"><img loading=\"lazy\" decoding=\"async\" width=\"432\" height=\"437\" data-id=\"1568\" src=\"https:\/\/offenbar-offenbach.de\/wp-content\/uploads\/2024\/05\/20240502_130521.jpg\" alt=\"\" class=\"wp-image-1568\" srcset=\"https:\/\/offenbar-offenbach.de\/wp-content\/uploads\/2024\/05\/20240502_130521.jpg 432w, https:\/\/offenbar-offenbach.de\/wp-content\/uploads\/2024\/05\/20240502_130521-297x300.jpg 297w, https:\/\/offenbar-offenbach.de\/wp-content\/uploads\/2024\/05\/20240502_130521-90x90.jpg 90w, https:\/\/offenbar-offenbach.de\/wp-content\/uploads\/2024\/05\/20240502_130521-376x380.jpg 376w\" sizes=\"auto, (max-width: 432px) 100vw, 432px\" \/><figcaption class=\"wp-element-caption\">Druckst\u00fcck<\/figcaption><\/figure>\n\n\n\n<figure class=\"wp-block-image size-large\"><img loading=\"lazy\" decoding=\"async\" width=\"1022\" height=\"1024\" data-id=\"1570\" src=\"https:\/\/offenbar-offenbach.de\/wp-content\/uploads\/2024\/05\/Sticken-1022x1024.jpg\" alt=\"\" class=\"wp-image-1570\" srcset=\"https:\/\/offenbar-offenbach.de\/wp-content\/uploads\/2024\/05\/Sticken-1022x1024.jpg 1022w, https:\/\/offenbar-offenbach.de\/wp-content\/uploads\/2024\/05\/Sticken-300x300.jpg 300w, https:\/\/offenbar-offenbach.de\/wp-content\/uploads\/2024\/05\/Sticken-150x150.jpg 150w, https:\/\/offenbar-offenbach.de\/wp-content\/uploads\/2024\/05\/Sticken-768x769.jpg 768w, https:\/\/offenbar-offenbach.de\/wp-content\/uploads\/2024\/05\/Sticken-90x90.jpg 90w, https:\/\/offenbar-offenbach.de\/wp-content\/uploads\/2024\/05\/Sticken-379x380.jpg 379w, https:\/\/offenbar-offenbach.de\/wp-content\/uploads\/2024\/05\/Sticken.jpg 1079w\" sizes=\"auto, (max-width: 1022px) 100vw, 1022px\" \/><figcaption class=\"wp-element-caption\">Stickverr\u00fcckt<\/figcaption><\/figure>\n<\/figure>\n","protected":false},"excerpt":{"rendered":"<p>K\u00fcnstlerisches Schaffen in Beton, Linoldruck und Stickerei<\/p>\n","protected":false},"author":2,"featured_media":439,"parent":9,"menu_order":0,"comment_status":"closed","ping_status":"closed","template":"page-templates\/grid-page.php","meta":{"footnotes":""},"class_list":["post-103","page","type-page","status-publish","has-post-thumbnail","hentry","with-featured-image"],"jetpack_sharing_enabled":true,"_links":{"self":[{"href":"https:\/\/offenbar-offenbach.de\/index.php?rest_route=\/wp\/v2\/pages\/103","targetHints":{"allow":["GET"]}}],"collection":[{"href":"https:\/\/offenbar-offenbach.de\/index.php?rest_route=\/wp\/v2\/pages"}],"about":[{"href":"https:\/\/offenbar-offenbach.de\/index.php?rest_route=\/wp\/v2\/types\/page"}],"author":[{"embeddable":true,"href":"https:\/\/offenbar-offenbach.de\/index.php?rest_route=\/wp\/v2\/users\/2"}],"replies":[{"embeddable":true,"href":"https:\/\/offenbar-offenbach.de\/index.php?rest_route=%2Fwp%2Fv2%2Fcomments&post=103"}],"version-history":[{"count":31,"href":"https:\/\/offenbar-offenbach.de\/index.php?rest_route=\/wp\/v2\/pages\/103\/revisions"}],"predecessor-version":[{"id":1887,"href":"https:\/\/offenbar-offenbach.de\/index.php?rest_route=\/wp\/v2\/pages\/103\/revisions\/1887"}],"up":[{"embeddable":true,"href":"https:\/\/offenbar-offenbach.de\/index.php?rest_route=\/wp\/v2\/pages\/9"}],"wp:featuredmedia":[{"embeddable":true,"href":"https:\/\/offenbar-offenbach.de\/index.php?rest_route=\/wp\/v2\/media\/439"}],"wp:attachment":[{"href":"https:\/\/offenbar-offenbach.de\/index.php?rest_route=%2Fwp%2Fv2%2Fmedia&parent=103"}],"curies":[{"name":"wp","href":"https:\/\/api.w.org\/{rel}","templated":true}]}}