{"id":107,"date":"2017-04-04T12:01:26","date_gmt":"2017-04-04T12:01:26","guid":{"rendered":"http:\/\/offenbar-offenbach.de\/?page_id=107"},"modified":"2024-05-14T21:12:43","modified_gmt":"2024-05-14T21:12:43","slug":"christina-dirlich","status":"publish","type":"page","link":"https:\/\/offenbar-offenbach.de\/?page_id=107","title":{"rendered":"Christina Dirlich"},"content":{"rendered":"\n<p>Handdruck &amp; Fotografie<\/p>\n\n\n\n<!--more-->\n\n\n\n<div class=\"wp-block-columns is-layout-flex wp-container-core-columns-is-layout-9d6595d7 wp-block-columns-is-layout-flex\">\n<div class=\"wp-block-column is-layout-flow wp-block-column-is-layout-flow\" style=\"flex-basis:33.33%\">\n<figure class=\"wp-block-image size-full\"><img loading=\"lazy\" decoding=\"async\" width=\"285\" height=\"274\" src=\"https:\/\/offenbar-offenbach.de\/wp-content\/uploads\/2024\/05\/Christina.jpg\" alt=\"\" class=\"wp-image-1518\"\/><\/figure>\n<\/div>\n\n\n\n<div class=\"wp-block-column is-layout-flow wp-block-column-is-layout-flow\" style=\"flex-basis:66.66%\">\n<p>Als freie Mitarbeiterin in der Lokalredaktion einer Tageszeitung begann Christina Dirlich 1996 eigentlich, weil sie fotografieren wollte. Dort gab es nicht nur 20 DM f\u00fcr ein gedrucktes Foto, sondern auch eine Dunkelkammer und jede Menge Kleinbildfilme, mit denen man so allerhand anfangen konnte. Au\u00dferdem lernte sie dort, Texte zu den Bildern zu schreiben und stellte fest, dass Redakteurin der richtige Beruf f\u00fcr sie w\u00e4re.                                   Die Leidenschaft f\u00fcrs Fotografieren aber lie\u00df sie nie wieder los. Noch heute fotografiert sie \u00fcberwiegend mit analogen Kameras: einer Canon Spiegelreflex, aber auch mit den Lomo-Kameras Lomo LCA+, Super Sampler und der Mittelformat-Kamera Lubitel+. Christina Dirlich ver\u00f6ffentlicht unter dem Label Kiosk royal.<\/p>\n<\/div>\n<\/div>\n\n\n\n<p><br>Seit 2009 Besch\u00e4ftigung mit Linoldruck. In dieser Technik sind zun\u00e4chst zahlreiche Drucke von Lieblingsw\u00f6rtern entstanden, die Grundlage f\u00fcr Postkarten wurden. Seit 2016 erscheinen zudem Postkarten von ausgew\u00e4hlten Fotomotiven, vor allem von Lomos.<br>Ab 2020 umfangreiche Arbeiten in Linol &#8211; Ergebnisse waren unter anderem Drucke auf alten Landkarten. Jedes St\u00fcck ein Unikat. Inzwischen arbeitet sie auch mit dem Buchdruck-Verfahren. In der offenbar-Werkstatt nutzt sie einen Handdruck-Tiegel.<\/p>\n\n\n\n<p>Christina Dirlich, Jahrgang 1978, ist Redakteurin. Seit 2007 lebt sie in Offenbach.<\/p>\n\n\n\n<p>\u25ba <a href=\"https:\/\/kioskroyal.com\/\" target=\"_blank\" rel=\"noopener noreferrer\">www.kioskroyal.com<\/a><\/p>\n\n\n\n<figure class=\"wp-block-gallery has-nested-images columns-default is-cropped wp-block-gallery-1 is-layout-flex wp-block-gallery-is-layout-flex\">\n<figure class=\"wp-block-image size-large\"><img loading=\"lazy\" decoding=\"async\" width=\"350\" height=\"467\" data-id=\"1744\" src=\"https:\/\/offenbar-offenbach.de\/wp-content\/uploads\/2024\/05\/csm_PXL_20230419_081656457_2b16d4ce8b-1.jpg\" alt=\"\" class=\"wp-image-1744\" srcset=\"https:\/\/offenbar-offenbach.de\/wp-content\/uploads\/2024\/05\/csm_PXL_20230419_081656457_2b16d4ce8b-1.jpg 350w, https:\/\/offenbar-offenbach.de\/wp-content\/uploads\/2024\/05\/csm_PXL_20230419_081656457_2b16d4ce8b-1-225x300.jpg 225w, https:\/\/offenbar-offenbach.de\/wp-content\/uploads\/2024\/05\/csm_PXL_20230419_081656457_2b16d4ce8b-1-285x380.jpg 285w\" sizes=\"auto, (max-width: 350px) 100vw, 350px\" \/><figcaption class=\"wp-element-caption\">Postkarte im Druck<\/figcaption><\/figure>\n\n\n\n<figure class=\"wp-block-image size-large\"><img loading=\"lazy\" decoding=\"async\" width=\"768\" height=\"1024\" data-id=\"1742\" src=\"https:\/\/offenbar-offenbach.de\/wp-content\/uploads\/2024\/05\/PXL_20220826_121114378.MP3-1-768x1024.jpg\" alt=\"\" class=\"wp-image-1742\" srcset=\"https:\/\/offenbar-offenbach.de\/wp-content\/uploads\/2024\/05\/PXL_20220826_121114378.MP3-1-768x1023.jpg 768w, https:\/\/offenbar-offenbach.de\/wp-content\/uploads\/2024\/05\/PXL_20220826_121114378.MP3-1-225x300.jpg 225w, https:\/\/offenbar-offenbach.de\/wp-content\/uploads\/2024\/05\/PXL_20220826_121114378.MP3-1-285x380.jpg 285w, https:\/\/offenbar-offenbach.de\/wp-content\/uploads\/2024\/05\/PXL_20220826_121114378.MP3-1.jpg 992w\" sizes=\"auto, (max-width: 768px) 100vw, 768px\" \/><figcaption class=\"wp-element-caption\">Linoldruck, A4<\/figcaption><\/figure>\n\n\n\n<figure class=\"wp-block-image size-large\"><img loading=\"lazy\" decoding=\"async\" width=\"768\" height=\"1024\" data-id=\"1743\" src=\"https:\/\/offenbar-offenbach.de\/wp-content\/uploads\/2024\/05\/PXL_20221025_144733989-1-768x1024.jpg\" alt=\"\" class=\"wp-image-1743\" srcset=\"https:\/\/offenbar-offenbach.de\/wp-content\/uploads\/2024\/05\/PXL_20221025_144733989-1-768x1024.jpg 768w, https:\/\/offenbar-offenbach.de\/wp-content\/uploads\/2024\/05\/PXL_20221025_144733989-1-225x300.jpg 225w, https:\/\/offenbar-offenbach.de\/wp-content\/uploads\/2024\/05\/PXL_20221025_144733989-1-1151x1536.jpg 1151w, https:\/\/offenbar-offenbach.de\/wp-content\/uploads\/2024\/05\/PXL_20221025_144733989-1-1535x2048.jpg 1535w, https:\/\/offenbar-offenbach.de\/wp-content\/uploads\/2024\/05\/PXL_20221025_144733989-1-285x380.jpg 285w, https:\/\/offenbar-offenbach.de\/wp-content\/uploads\/2024\/05\/PXL_20221025_144733989-1.jpg 1716w\" sizes=\"auto, (max-width: 768px) 100vw, 768px\" \/><figcaption class=\"wp-element-caption\">Buchdruck, A2<\/figcaption><\/figure>\n<\/figure>\n","protected":false},"excerpt":{"rendered":"<p>Handdruck &amp; Fotografie<\/p>\n","protected":false},"author":2,"featured_media":1249,"parent":9,"menu_order":0,"comment_status":"closed","ping_status":"closed","template":"page-templates\/full-width-page.php","meta":{"footnotes":""},"class_list":["post-107","page","type-page","status-publish","has-post-thumbnail","hentry","with-featured-image"],"jetpack_sharing_enabled":true,"_links":{"self":[{"href":"https:\/\/offenbar-offenbach.de\/index.php?rest_route=\/wp\/v2\/pages\/107","targetHints":{"allow":["GET"]}}],"collection":[{"href":"https:\/\/offenbar-offenbach.de\/index.php?rest_route=\/wp\/v2\/pages"}],"about":[{"href":"https:\/\/offenbar-offenbach.de\/index.php?rest_route=\/wp\/v2\/types\/page"}],"author":[{"embeddable":true,"href":"https:\/\/offenbar-offenbach.de\/index.php?rest_route=\/wp\/v2\/users\/2"}],"replies":[{"embeddable":true,"href":"https:\/\/offenbar-offenbach.de\/index.php?rest_route=%2Fwp%2Fv2%2Fcomments&post=107"}],"version-history":[{"count":33,"href":"https:\/\/offenbar-offenbach.de\/index.php?rest_route=\/wp\/v2\/pages\/107\/revisions"}],"predecessor-version":[{"id":1748,"href":"https:\/\/offenbar-offenbach.de\/index.php?rest_route=\/wp\/v2\/pages\/107\/revisions\/1748"}],"up":[{"embeddable":true,"href":"https:\/\/offenbar-offenbach.de\/index.php?rest_route=\/wp\/v2\/pages\/9"}],"wp:featuredmedia":[{"embeddable":true,"href":"https:\/\/offenbar-offenbach.de\/index.php?rest_route=\/wp\/v2\/media\/1249"}],"wp:attachment":[{"href":"https:\/\/offenbar-offenbach.de\/index.php?rest_route=%2Fwp%2Fv2%2Fmedia&parent=107"}],"curies":[{"name":"wp","href":"https:\/\/api.w.org\/{rel}","templated":true}]}}