{"id":11,"date":"2017-03-30T20:28:51","date_gmt":"2017-03-30T20:28:51","guid":{"rendered":"http:\/\/offenbar-offenbach.de\/?page_id=11"},"modified":"2022-03-23T13:17:54","modified_gmt":"2022-03-23T13:17:54","slug":"was","status":"publish","type":"page","link":"https:\/\/offenbar-offenbach.de\/?page_id=11","title":{"rendered":"der Verein"},"content":{"rendered":"<div class=\"page\" title=\"Page 2\">\n<h4 class=\"layoutArea\">Die Idee<\/h4>\n<div class=\"layoutArea\">Basis f\u00fcr den Verein offenbar e.V. ist die Idee einer Kooperation von freischaffenden K\u00fcnstlern, Kunsthandwerkern, Autoren, Therapeuten und freien, offenen Menschen. Offenbar soll Platz f\u00fcr Innovation bieten, eine Art M\u00f6glichkeitsraum und damit eine Heimat f\u00fcr Kreativit\u00e4t und Austausch sein. Auf folgenden S\u00e4ulen baut das Vereinsleben auf:<\/div>\n<ul>\n<li class=\"layoutArea\">Raum f\u00fcr gemeinsames Arbeiten und Austausch, sowie Werkstatt, Seminar- und Schulungsraum<\/li>\n<li class=\"layoutArea\">Kreativer R\u00fcckzugsraum<\/li>\n<li class=\"layoutArea\">Treffpunkt f\u00fcr Mitglieder, Nutzer und Interessierte<\/li>\n<li class=\"layoutArea\">Austausch \u00fcber Kunst, Kultur, gesellschaftliche Entwicklungen, vielf\u00e4ltige Denkans\u00e4tze<\/li>\n<li class=\"layoutArea\">Pr\u00e4sentation\/Verkauf von Werken und Produkten, die im oder durchs offenbar entstanden sind<\/li>\n<\/ul>\n<h4 class=\"layoutArea\">Treffpunkt<\/h4>\n<div class=\"layoutArea\">Offenbar ist ein Ort, an dem sich Menschen treffen und gemeinsam an Ideen arbeiten. Vieles passiert hier ganz intuitiv. Jeder profitiert, denn jeder kann vom anderen lernen \u2013 wenn er will. Viele der Mitglieder haben einen Beruf, den sie haupts\u00e4chlich aus\u00fcben, finden aber im offenbar einen Raum, wo sie weitere Interessen und F\u00e4higkeiten ausleben k\u00f6nnen. Wer nicht gern zuhause am Computer sitzt, wer keine eigene Werkstatt hat (oder haben m\u00f6chte), wer Inspiration sucht, findet das im offenbar.<\/div>\n<h4 class=\"layoutArea\">\u00a0<\/h4>\n<h4 class=\"layoutArea\">Arbeitskonzept<\/h4>\n<div class=\"layoutArea\">Offenbar bietet Kreativen R\u00e4ume und Arbeitspl\u00e4tze zur Nutzung an. Ob t\u00e4glich, zweimal in der Woche oder einmal im Monat \u2013 hier k\u00f6nnen Menschen ihre Ideen realisieren. Und sich \u00fcber ihr Schaffen austauschen. Aber nicht nur das. Auch Pr\u00e4sentationen, zum Beispiel in Ausstellungen, und der Verkauf der Produkte kreativer Arbeit finden statt. Wichtige Grundlage f\u00fcr die Zusammenarbeit ist die Idee des Teilens. Gedanken und \u00dcberlegungen einerseits \u2013 Werkzeuge und Ausstattung andererseits.<\/div>\n<div class=\"layoutArea\">Beim Aufbauen und Einrichten der R\u00e4ume haben die Mitglieder des Vereins Dinge mitgebracht, die dann auch die anderen (mit Sorgfalt und der angemessenen Achtsamkeit) benutzen d\u00fcrfen. Das k\u00f6nnen Pinsel und Mei\u00dfel, eine Postkartendruckerpresse oder B\u00fccher sein, die die Mini-Bibliothek best\u00fccken.<\/div>\n<\/div>\n\n\n<hr class=\"wp-block-separator\"\/>\n\n\n\n<figure class=\"wp-block-image is-resized\"><img loading=\"lazy\" decoding=\"async\" src=\"https:\/\/offenbar-offenbach.de\/wp-content\/uploads\/2022\/03\/osg_logo-1024x603.jpg\" alt=\"\" class=\"wp-image-1188\" width=\"68\" height=\"40\" srcset=\"https:\/\/offenbar-offenbach.de\/wp-content\/uploads\/2022\/03\/osg_logo-1024x603.jpg 1024w, https:\/\/offenbar-offenbach.de\/wp-content\/uploads\/2022\/03\/osg_logo-300x177.jpg 300w, https:\/\/offenbar-offenbach.de\/wp-content\/uploads\/2022\/03\/osg_logo-768x452.jpg 768w, https:\/\/offenbar-offenbach.de\/wp-content\/uploads\/2022\/03\/osg_logo-646x380.jpg 646w, https:\/\/offenbar-offenbach.de\/wp-content\/uploads\/2022\/03\/osg_logo.jpg 1551w\" sizes=\"auto, (max-width: 68px) 100vw, 68px\" \/><\/figure>\n\n\n\n<p>Gef\u00f6rdert von der Offenbacher Stadtmarketinggesellschaft (OSG)<\/p>\n","protected":false},"excerpt":{"rendered":"<p>Die Idee Basis f\u00fcr den Verein offenbar e.V. ist die Idee einer Kooperation von freischaffenden K\u00fcnstlern, Kunsthandwerkern, Autoren, Therapeuten und freien, offenen Menschen. Offenbar soll Platz f\u00fcr Innovation bieten, eine &hellip; <a href=\"https:\/\/offenbar-offenbach.de\/?page_id=11\" class=\"more-link\">Weiterlesen <span class=\"screen-reader-text\">der Verein<\/span><\/a><\/p>\n","protected":false},"author":2,"featured_media":0,"parent":0,"menu_order":0,"comment_status":"closed","ping_status":"closed","template":"","meta":{"footnotes":""},"class_list":["post-11","page","type-page","status-publish","hentry","without-featured-image"],"jetpack_sharing_enabled":true,"_links":{"self":[{"href":"https:\/\/offenbar-offenbach.de\/index.php?rest_route=\/wp\/v2\/pages\/11","targetHints":{"allow":["GET"]}}],"collection":[{"href":"https:\/\/offenbar-offenbach.de\/index.php?rest_route=\/wp\/v2\/pages"}],"about":[{"href":"https:\/\/offenbar-offenbach.de\/index.php?rest_route=\/wp\/v2\/types\/page"}],"author":[{"embeddable":true,"href":"https:\/\/offenbar-offenbach.de\/index.php?rest_route=\/wp\/v2\/users\/2"}],"replies":[{"embeddable":true,"href":"https:\/\/offenbar-offenbach.de\/index.php?rest_route=%2Fwp%2Fv2%2Fcomments&post=11"}],"version-history":[{"count":22,"href":"https:\/\/offenbar-offenbach.de\/index.php?rest_route=\/wp\/v2\/pages\/11\/revisions"}],"predecessor-version":[{"id":1190,"href":"https:\/\/offenbar-offenbach.de\/index.php?rest_route=\/wp\/v2\/pages\/11\/revisions\/1190"}],"wp:attachment":[{"href":"https:\/\/offenbar-offenbach.de\/index.php?rest_route=%2Fwp%2Fv2%2Fmedia&parent=11"}],"curies":[{"name":"wp","href":"https:\/\/api.w.org\/{rel}","templated":true}]}}