{"id":1231,"date":"2022-10-05T11:00:05","date_gmt":"2022-10-05T11:00:05","guid":{"rendered":"http:\/\/offenbar-offenbach.de\/?page_id=1231"},"modified":"2024-05-22T17:52:07","modified_gmt":"2024-05-22T17:52:07","slug":"antonina-treccarichi","status":"publish","type":"page","link":"https:\/\/offenbar-offenbach.de\/?page_id=1231","title":{"rendered":"Antonina Treccarichi"},"content":{"rendered":"\n<p>Material- und Technik-Experimente<\/p>\n\n\n\n<p><\/p>\n\n\n\n<p class=\"has-text-align-left\"><img loading=\"lazy\" decoding=\"async\" width=\"315\" height=\"210\" class=\"wp-image-1234\" style=\"width: 315px;\" src=\"https:\/\/offenbar-offenbach.de\/wp-content\/uploads\/2022\/10\/Antonina_1.jpg\" alt=\"\" srcset=\"https:\/\/offenbar-offenbach.de\/wp-content\/uploads\/2022\/10\/Antonina_1.jpg 5472w, https:\/\/offenbar-offenbach.de\/wp-content\/uploads\/2022\/10\/Antonina_1-300x200.jpg 300w, https:\/\/offenbar-offenbach.de\/wp-content\/uploads\/2022\/10\/Antonina_1-768x512.jpg 768w, https:\/\/offenbar-offenbach.de\/wp-content\/uploads\/2022\/10\/Antonina_1-1024x683.jpg 1024w, https:\/\/offenbar-offenbach.de\/wp-content\/uploads\/2022\/10\/Antonina_1-570x380.jpg 570w\" sizes=\"auto, (max-width: 315px) 100vw, 315px\" \/> <\/p>\n\n\n\n<!--more-->\n\n\n\n<p>Antonina Treccarichi \u2013 1981 in Offenbach geboren \u2013 hat ihr ganzes Leben  mit k\u00fcnstlerischem Schaffen verbracht.&nbsp; Sie experimentiert mit  verschiedenen Materialien und Techniken und den neuen Medien. Momentan  liegt ihr Schwerpunkt auf Keramik und Schmuck. Antonina Treccarichi hat  zwei Studienabschl\u00fcsse von der Goethe Universit\u00e4t Frankfurt. Sie ist  Freigeist, Lebensk\u00fcnstler, Weltenbummler. Bei ihrem \u201eBread and  Butter\u201c-Beruf inspiriert sie Heranwachsende im Leben neue  L\u00f6sungsstrategien bei \u201eProblemen\u201c zu entwickeln. <\/p>\n\n\n\n<p><a href=\"https:\/\/www.instagram.com\/terracottaproductions\/\">https:\/\/www.instagram.com\/terracottaproductions\/<\/a><\/p>\n\n\n\n<figure class=\"wp-block-gallery has-nested-images columns-default is-cropped wp-block-gallery-1 is-layout-flex wp-block-gallery-is-layout-flex\">\n<figure class=\"wp-block-image size-large\"><img loading=\"lazy\" decoding=\"async\" width=\"676\" height=\"800\" data-id=\"1753\" src=\"https:\/\/offenbar-offenbach.de\/wp-content\/uploads\/2024\/05\/IMG-20240521-WA0003.jpg\" alt=\"\" class=\"wp-image-1753\" srcset=\"https:\/\/offenbar-offenbach.de\/wp-content\/uploads\/2024\/05\/IMG-20240521-WA0003.jpg 676w, https:\/\/offenbar-offenbach.de\/wp-content\/uploads\/2024\/05\/IMG-20240521-WA0003-254x300.jpg 254w, https:\/\/offenbar-offenbach.de\/wp-content\/uploads\/2024\/05\/IMG-20240521-WA0003-321x380.jpg 321w\" sizes=\"auto, (max-width: 676px) 100vw, 676px\" \/><\/figure>\n\n\n\n<figure class=\"wp-block-image size-large\"><img loading=\"lazy\" decoding=\"async\" width=\"718\" height=\"726\" data-id=\"1752\" src=\"https:\/\/offenbar-offenbach.de\/wp-content\/uploads\/2024\/05\/IMG-20240521-WA0004.jpg\" alt=\"\" class=\"wp-image-1752\" srcset=\"https:\/\/offenbar-offenbach.de\/wp-content\/uploads\/2024\/05\/IMG-20240521-WA0004.jpg 718w, https:\/\/offenbar-offenbach.de\/wp-content\/uploads\/2024\/05\/IMG-20240521-WA0004-297x300.jpg 297w, https:\/\/offenbar-offenbach.de\/wp-content\/uploads\/2024\/05\/IMG-20240521-WA0004-90x90.jpg 90w, https:\/\/offenbar-offenbach.de\/wp-content\/uploads\/2024\/05\/IMG-20240521-WA0004-376x380.jpg 376w\" sizes=\"auto, (max-width: 718px) 100vw, 718px\" \/><\/figure>\n\n\n\n<figure class=\"wp-block-image size-large\"><img loading=\"lazy\" decoding=\"async\" width=\"718\" height=\"755\" data-id=\"1754\" src=\"https:\/\/offenbar-offenbach.de\/wp-content\/uploads\/2024\/05\/IMG-20240521-WA0005.jpg\" alt=\"\" class=\"wp-image-1754\" srcset=\"https:\/\/offenbar-offenbach.de\/wp-content\/uploads\/2024\/05\/IMG-20240521-WA0005.jpg 718w, https:\/\/offenbar-offenbach.de\/wp-content\/uploads\/2024\/05\/IMG-20240521-WA0005-285x300.jpg 285w, https:\/\/offenbar-offenbach.de\/wp-content\/uploads\/2024\/05\/IMG-20240521-WA0005-361x380.jpg 361w\" sizes=\"auto, (max-width: 718px) 100vw, 718px\" \/><\/figure>\n<\/figure>\n","protected":false},"excerpt":{"rendered":"<p>Material- und Technik-Experimente<\/p>\n","protected":false},"author":5,"featured_media":1232,"parent":9,"menu_order":6,"comment_status":"closed","ping_status":"closed","template":"","meta":{"footnotes":""},"class_list":["post-1231","page","type-page","status-publish","has-post-thumbnail","hentry","with-featured-image"],"jetpack_sharing_enabled":true,"_links":{"self":[{"href":"https:\/\/offenbar-offenbach.de\/index.php?rest_route=\/wp\/v2\/pages\/1231","targetHints":{"allow":["GET"]}}],"collection":[{"href":"https:\/\/offenbar-offenbach.de\/index.php?rest_route=\/wp\/v2\/pages"}],"about":[{"href":"https:\/\/offenbar-offenbach.de\/index.php?rest_route=\/wp\/v2\/types\/page"}],"author":[{"embeddable":true,"href":"https:\/\/offenbar-offenbach.de\/index.php?rest_route=\/wp\/v2\/users\/5"}],"replies":[{"embeddable":true,"href":"https:\/\/offenbar-offenbach.de\/index.php?rest_route=%2Fwp%2Fv2%2Fcomments&post=1231"}],"version-history":[{"count":11,"href":"https:\/\/offenbar-offenbach.de\/index.php?rest_route=\/wp\/v2\/pages\/1231\/revisions"}],"predecessor-version":[{"id":1757,"href":"https:\/\/offenbar-offenbach.de\/index.php?rest_route=\/wp\/v2\/pages\/1231\/revisions\/1757"}],"up":[{"embeddable":true,"href":"https:\/\/offenbar-offenbach.de\/index.php?rest_route=\/wp\/v2\/pages\/9"}],"wp:featuredmedia":[{"embeddable":true,"href":"https:\/\/offenbar-offenbach.de\/index.php?rest_route=\/wp\/v2\/media\/1232"}],"wp:attachment":[{"href":"https:\/\/offenbar-offenbach.de\/index.php?rest_route=%2Fwp%2Fv2%2Fmedia&parent=1231"}],"curies":[{"name":"wp","href":"https:\/\/api.w.org\/{rel}","templated":true}]}}