{"id":1359,"date":"2024-04-28T10:15:40","date_gmt":"2024-04-28T10:15:40","guid":{"rendered":"https:\/\/offenbar-offenbach.de\/?page_id=1359"},"modified":"2025-12-05T14:09:49","modified_gmt":"2025-12-05T14:09:49","slug":"1359-2","status":"publish","type":"page","link":"https:\/\/offenbar-offenbach.de\/?page_id=1359","title":{"rendered":""},"content":{"rendered":"\n<figure class=\"wp-block-image size-full\"><img loading=\"lazy\" decoding=\"async\" width=\"437\" height=\"104\" src=\"https:\/\/offenbar-offenbach.de\/wp-content\/uploads\/2024\/04\/240427_OF_Beratung_LOGO_lang_web.jpg\" alt=\"\" class=\"wp-image-1374\" srcset=\"https:\/\/offenbar-offenbach.de\/wp-content\/uploads\/2024\/04\/240427_OF_Beratung_LOGO_lang_web.jpg 437w, https:\/\/offenbar-offenbach.de\/wp-content\/uploads\/2024\/04\/240427_OF_Beratung_LOGO_lang_web-300x71.jpg 300w\" sizes=\"auto, (max-width: 437px) 100vw, 437px\" \/><\/figure>\n\n\n\n<p><\/p>\n\n\n\n<p>Wie sch\u00f6n, dass Sie den Weg zu uns gefunden haben!<\/p>\n\n\n\n<p>Wir sind selbstst\u00e4ndige Beraterinnen rund um psychosioziale Fragestellungen. Uns verbindet die Leidenschaft, Menschen zu pers\u00f6nlichen und beruflichen Fragestellungen zu beraten und in ihrer Weiterentwicklung zu begleiten. Wir erg\u00e4nzen uns in unseren Kompetenzen und setzen durch unsere beruflichen Schwerpunkte unterschiedliche Akzente in der Beratung. <\/p>\n\n\n\n<p>Jede Beraterin hat eine eigene Seite. Klicke Sie auf den Link zur Person, um ausf\u00fchrliche Informationen zu Themenschwerpunkten, Kontaktm\u00f6glichkeiten und Kosten zu erhalten.<\/p>\n\n\n\n<p>Auf Ihrer Suche nach Entlastung, neuen Perspektiven und Handlungsm\u00f6glichkeiten begegnen wir Ihnen mit Offenheit und Achtsamkeit. Wir unterst\u00fctzen Sie dabei, Ihre pers\u00f6nlichen St\u00e4rken zu entdecken und Ihre Handlungsspielr\u00e4ume zu erweitern. <\/p>\n\n\n\n<p><strong>Wir arbeiten streng vertraulich.<\/strong> Unsere Arbeit unterliegt der Schweigepflicht nach \u00a7203 StGB.<\/p>\n\n\n\n<p>\u25ba <a href=\"https:\/\/www.instagram.com\/beratung_of\/\" target=\"_blank\" rel=\"noreferrer noopener\">Beratung offenbar auf Instagram<\/a><\/p>\n\n\n\n<hr class=\"wp-block-separator has-alpha-channel-opacity\"\/>\n\n\n\n<p>Systemische Beratung ist ein ergebnisoffener und l\u00f6sungsorientierter Ansatz. Im Vordergrund stehen die aktuellen Themen Ihres Lebens, die wir individuell betrachten und durch methodische Ans\u00e4tze gemeinsam mit Ihnen verstehen m\u00f6chten. Die systemische Haltung schenkt Ihnen und Ihrem Leben Anerkennung und Akzeptanz f\u00fcr das, was ist. Das Ziel der systemischen Beratung ist es, Zusammenh\u00e4nge zu verstehen und mit Hilfe von Interventionen, Ihrem pers\u00f6nlichen Ziel n\u00e4herzukommen.<\/p>\n\n\n\n<blockquote class=\"wp-block-quote is-layout-flow wp-block-quote-is-layout-flow\">\n<p>&#8222;Es wird immer gleich ein wenig anders, wenn man es ausspricht.&#8220;<\/p>\n<cite>Hermann Hesse<\/cite><\/blockquote>\n","protected":false},"excerpt":{"rendered":"<p>Wie sch\u00f6n, dass Sie den Weg zu uns gefunden haben! Wir sind selbstst\u00e4ndige Beraterinnen rund um psychosioziale Fragestellungen. Uns verbindet die Leidenschaft, Menschen zu pers\u00f6nlichen und beruflichen Fragestellungen zu beraten &hellip; <a href=\"https:\/\/offenbar-offenbach.de\/?page_id=1359\" class=\"more-link\">Weiterlesen <span class=\"screen-reader-text\"><\/span><\/a><\/p>\n","protected":false},"author":5,"featured_media":1514,"parent":0,"menu_order":0,"comment_status":"closed","ping_status":"closed","template":"page-templates\/grid-page.php","meta":{"footnotes":""},"class_list":["post-1359","page","type-page","status-publish","has-post-thumbnail","hentry","with-featured-image"],"jetpack_sharing_enabled":true,"_links":{"self":[{"href":"https:\/\/offenbar-offenbach.de\/index.php?rest_route=\/wp\/v2\/pages\/1359","targetHints":{"allow":["GET"]}}],"collection":[{"href":"https:\/\/offenbar-offenbach.de\/index.php?rest_route=\/wp\/v2\/pages"}],"about":[{"href":"https:\/\/offenbar-offenbach.de\/index.php?rest_route=\/wp\/v2\/types\/page"}],"author":[{"embeddable":true,"href":"https:\/\/offenbar-offenbach.de\/index.php?rest_route=\/wp\/v2\/users\/5"}],"replies":[{"embeddable":true,"href":"https:\/\/offenbar-offenbach.de\/index.php?rest_route=%2Fwp%2Fv2%2Fcomments&post=1359"}],"version-history":[{"count":36,"href":"https:\/\/offenbar-offenbach.de\/index.php?rest_route=\/wp\/v2\/pages\/1359\/revisions"}],"predecessor-version":[{"id":1941,"href":"https:\/\/offenbar-offenbach.de\/index.php?rest_route=\/wp\/v2\/pages\/1359\/revisions\/1941"}],"wp:featuredmedia":[{"embeddable":true,"href":"https:\/\/offenbar-offenbach.de\/index.php?rest_route=\/wp\/v2\/media\/1514"}],"wp:attachment":[{"href":"https:\/\/offenbar-offenbach.de\/index.php?rest_route=%2Fwp%2Fv2%2Fmedia&parent=1359"}],"curies":[{"name":"wp","href":"https:\/\/api.w.org\/{rel}","templated":true}]}}