{"id":1530,"date":"2024-05-01T18:24:01","date_gmt":"2024-05-01T18:24:01","guid":{"rendered":"https:\/\/offenbar-offenbach.de\/?page_id=1530"},"modified":"2024-05-07T05:40:06","modified_gmt":"2024-05-07T05:40:06","slug":"linda-hoesktra","status":"publish","type":"page","link":"https:\/\/offenbar-offenbach.de\/?page_id=1530","title":{"rendered":"Linda Hoekstra"},"content":{"rendered":"\n<p>Kreatives aus Stoff und Gips<\/p>\n\n\n\n<!--more-->\n\n\n\n<div class=\"wp-block-columns is-layout-flex wp-container-core-columns-is-layout-9d6595d7 wp-block-columns-is-layout-flex\">\n<div class=\"wp-block-column is-layout-flow wp-block-column-is-layout-flow\" style=\"flex-basis:66.66%\">\n<p>Seit 1997 ist Linda Hoekstra gl\u00fccklich in Offenbach. Bevor sie nach Deutschland kam, hat sie in Groningen die Hotelfachschule absolviert. 2013 er\u00f6ffnete sie zusammen mit ihren Partnerinnen die Etagerie in der Taunusstra\u00dfe, die sich in unmittelbarer Nachbarschaft des offenbar befindet und die sich seither zu einem lebendigen Treffpunkt im Offenbacher Nordend entwickelt hat. Neben ihrem beruflichen Engagement war Linda immer kreativ. Sie braucht den Ausgleich. Fr\u00fcher war vor allem Stoff das Material, mit dem sie gearbeitet hat. Seit sie 2022 die ersten St\u00fccke in Gips angefertigt hat, besch\u00e4ftigt sie sich heute mit beiden Materialien. Linda trinkt gerne guten Kaffee und liebt Ananas.<\/p>\n<\/div>\n\n\n\n<div class=\"wp-block-column is-layout-flow wp-block-column-is-layout-flow\" style=\"flex-basis:33.33%\">\n<figure class=\"wp-block-image size-large\"><img loading=\"lazy\" decoding=\"async\" width=\"818\" height=\"1024\" src=\"https:\/\/offenbar-offenbach.de\/wp-content\/uploads\/2024\/05\/Linda-1-818x1024.jpg\" alt=\"\" class=\"wp-image-1541\" srcset=\"https:\/\/offenbar-offenbach.de\/wp-content\/uploads\/2024\/05\/Linda-1-818x1024.jpg 818w, https:\/\/offenbar-offenbach.de\/wp-content\/uploads\/2024\/05\/Linda-1-240x300.jpg 240w, https:\/\/offenbar-offenbach.de\/wp-content\/uploads\/2024\/05\/Linda-1-768x962.jpg 768w, https:\/\/offenbar-offenbach.de\/wp-content\/uploads\/2024\/05\/Linda-1-303x380.jpg 303w, https:\/\/offenbar-offenbach.de\/wp-content\/uploads\/2024\/05\/Linda-1.jpg 1170w\" sizes=\"auto, (max-width: 818px) 100vw, 818px\" \/><\/figure>\n<\/div>\n<\/div>\n\n\n\n<div class=\"wp-block-columns is-layout-flex wp-container-core-columns-is-layout-9d6595d7 wp-block-columns-is-layout-flex\">\n<div class=\"wp-block-column is-layout-flow wp-block-column-is-layout-flow\" style=\"flex-basis:100%\">\n<p>Linda bietet auch kleine Kurse an, zum Beispiel als DIY-Birthday. Bei Interesse, gerne anschreiben per E-Mail unter Linda.Hoekstra@outlook.de oder \u25ba <a href=\"https:\/\/www.instagram.com\/29_blom\/\" data-type=\"URL\" data-id=\"https:\/\/www.instagram.com\/29_blom\/\" target=\"_blank\" rel=\"noreferrer noopener\">29_blom auf Instagram<\/a><\/p>\n<\/div>\n<\/div>\n\n\n\n<figure class=\"wp-block-gallery has-nested-images columns-default is-cropped wp-block-gallery-1 is-layout-flex wp-block-gallery-is-layout-flex\">\n<figure class=\"wp-block-image size-large\"><img loading=\"lazy\" decoding=\"async\" width=\"861\" height=\"1024\" data-id=\"1633\" src=\"https:\/\/offenbar-offenbach.de\/wp-content\/uploads\/2024\/05\/Screenshot_20240501-205833_Instagram-1-861x1024.jpg\" alt=\"\" class=\"wp-image-1633\" srcset=\"https:\/\/offenbar-offenbach.de\/wp-content\/uploads\/2024\/05\/Screenshot_20240501-205833_Instagram-1-861x1024.jpg 861w, https:\/\/offenbar-offenbach.de\/wp-content\/uploads\/2024\/05\/Screenshot_20240501-205833_Instagram-1-252x300.jpg 252w, https:\/\/offenbar-offenbach.de\/wp-content\/uploads\/2024\/05\/Screenshot_20240501-205833_Instagram-1-768x913.jpg 768w, https:\/\/offenbar-offenbach.de\/wp-content\/uploads\/2024\/05\/Screenshot_20240501-205833_Instagram-1-320x380.jpg 320w, https:\/\/offenbar-offenbach.de\/wp-content\/uploads\/2024\/05\/Screenshot_20240501-205833_Instagram-1.jpg 1080w\" sizes=\"auto, (max-width: 861px) 100vw, 861px\" \/><\/figure>\n\n\n\n<figure class=\"wp-block-image size-full\"><img loading=\"lazy\" decoding=\"async\" width=\"757\" height=\"782\" data-id=\"1582\" src=\"https:\/\/offenbar-offenbach.de\/wp-content\/uploads\/2024\/05\/20240218_081158-2.jpg\" alt=\"\" class=\"wp-image-1582\" srcset=\"https:\/\/offenbar-offenbach.de\/wp-content\/uploads\/2024\/05\/20240218_081158-2.jpg 757w, https:\/\/offenbar-offenbach.de\/wp-content\/uploads\/2024\/05\/20240218_081158-2-290x300.jpg 290w, https:\/\/offenbar-offenbach.de\/wp-content\/uploads\/2024\/05\/20240218_081158-2-368x380.jpg 368w\" sizes=\"auto, (max-width: 757px) 100vw, 757px\" \/><\/figure>\n\n\n\n<figure class=\"wp-block-image size-large\"><img loading=\"lazy\" decoding=\"async\" width=\"599\" height=\"1024\" data-id=\"1696\" src=\"https:\/\/offenbar-offenbach.de\/wp-content\/uploads\/2024\/05\/20240505_110429-599x1024.jpg\" alt=\"\" class=\"wp-image-1696\" srcset=\"https:\/\/offenbar-offenbach.de\/wp-content\/uploads\/2024\/05\/20240505_110429-599x1024.jpg 599w, https:\/\/offenbar-offenbach.de\/wp-content\/uploads\/2024\/05\/20240505_110429-176x300.jpg 176w, https:\/\/offenbar-offenbach.de\/wp-content\/uploads\/2024\/05\/20240505_110429-768x1313.jpg 768w, https:\/\/offenbar-offenbach.de\/wp-content\/uploads\/2024\/05\/20240505_110429-899x1536.jpg 899w, https:\/\/offenbar-offenbach.de\/wp-content\/uploads\/2024\/05\/20240505_110429-222x380.jpg 222w, https:\/\/offenbar-offenbach.de\/wp-content\/uploads\/2024\/05\/20240505_110429.jpg 1080w\" sizes=\"auto, (max-width: 599px) 100vw, 599px\" \/><\/figure>\n<\/figure>\n\n\n\n<p><\/p>\n","protected":false},"excerpt":{"rendered":"<p>Kreatives aus Stoff und Gips<\/p>\n","protected":false},"author":3,"featured_media":1556,"parent":9,"menu_order":7,"comment_status":"closed","ping_status":"closed","template":"","meta":{"footnotes":""},"class_list":["post-1530","page","type-page","status-publish","has-post-thumbnail","hentry","with-featured-image"],"jetpack_sharing_enabled":true,"_links":{"self":[{"href":"https:\/\/offenbar-offenbach.de\/index.php?rest_route=\/wp\/v2\/pages\/1530","targetHints":{"allow":["GET"]}}],"collection":[{"href":"https:\/\/offenbar-offenbach.de\/index.php?rest_route=\/wp\/v2\/pages"}],"about":[{"href":"https:\/\/offenbar-offenbach.de\/index.php?rest_route=\/wp\/v2\/types\/page"}],"author":[{"embeddable":true,"href":"https:\/\/offenbar-offenbach.de\/index.php?rest_route=\/wp\/v2\/users\/3"}],"replies":[{"embeddable":true,"href":"https:\/\/offenbar-offenbach.de\/index.php?rest_route=%2Fwp%2Fv2%2Fcomments&post=1530"}],"version-history":[{"count":9,"href":"https:\/\/offenbar-offenbach.de\/index.php?rest_route=\/wp\/v2\/pages\/1530\/revisions"}],"predecessor-version":[{"id":1697,"href":"https:\/\/offenbar-offenbach.de\/index.php?rest_route=\/wp\/v2\/pages\/1530\/revisions\/1697"}],"up":[{"embeddable":true,"href":"https:\/\/offenbar-offenbach.de\/index.php?rest_route=\/wp\/v2\/pages\/9"}],"wp:featuredmedia":[{"embeddable":true,"href":"https:\/\/offenbar-offenbach.de\/index.php?rest_route=\/wp\/v2\/media\/1556"}],"wp:attachment":[{"href":"https:\/\/offenbar-offenbach.de\/index.php?rest_route=%2Fwp%2Fv2%2Fmedia&parent=1530"}],"curies":[{"name":"wp","href":"https:\/\/api.w.org\/{rel}","templated":true}]}}