{"id":1535,"date":"2024-05-01T18:36:30","date_gmt":"2024-05-01T18:36:30","guid":{"rendered":"https:\/\/offenbar-offenbach.de\/?page_id=1535"},"modified":"2024-05-02T15:22:06","modified_gmt":"2024-05-02T15:22:06","slug":"laura-hartwig","status":"publish","type":"page","link":"https:\/\/offenbar-offenbach.de\/?page_id=1535","title":{"rendered":"Laura Hartwig"},"content":{"rendered":"\n<p>K\u00fcnstlerisches Schaffen in Keramik &#8211; Clayclub<\/p>\n\n\n\n<!--more-->\n\n\n\n<div class=\"wp-block-columns is-layout-flex wp-container-core-columns-is-layout-9d6595d7 wp-block-columns-is-layout-flex\">\n<div class=\"wp-block-column is-layout-flow wp-block-column-is-layout-flow\" style=\"flex-basis:33.33%\">\n<figure class=\"wp-block-image size-large\"><img loading=\"lazy\" decoding=\"async\" width=\"1024\" height=\"1024\" src=\"https:\/\/offenbar-offenbach.de\/wp-content\/uploads\/2024\/05\/Laura_Homepage_sw-1024x1024.jpg\" alt=\"\" class=\"wp-image-1543\" srcset=\"https:\/\/offenbar-offenbach.de\/wp-content\/uploads\/2024\/05\/Laura_Homepage_sw-1024x1024.jpg 1024w, https:\/\/offenbar-offenbach.de\/wp-content\/uploads\/2024\/05\/Laura_Homepage_sw-300x300.jpg 300w, https:\/\/offenbar-offenbach.de\/wp-content\/uploads\/2024\/05\/Laura_Homepage_sw-150x150.jpg 150w, https:\/\/offenbar-offenbach.de\/wp-content\/uploads\/2024\/05\/Laura_Homepage_sw-768x768.jpg 768w, https:\/\/offenbar-offenbach.de\/wp-content\/uploads\/2024\/05\/Laura_Homepage_sw-1536x1536.jpg 1536w, https:\/\/offenbar-offenbach.de\/wp-content\/uploads\/2024\/05\/Laura_Homepage_sw-2048x2048.jpg 2048w, https:\/\/offenbar-offenbach.de\/wp-content\/uploads\/2024\/05\/Laura_Homepage_sw-90x90.jpg 90w, https:\/\/offenbar-offenbach.de\/wp-content\/uploads\/2024\/05\/Laura_Homepage_sw-380x380.jpg 380w\" sizes=\"auto, (max-width: 1024px) 100vw, 1024px\" \/><\/figure>\n<\/div>\n\n\n\n<div class=\"wp-block-column is-layout-flow wp-block-column-is-layout-flow\" style=\"flex-basis:66.66%\">\n<p>Meine Name ist Laura. ich bin Ergotherapeutin, Sozialarbeiterin und seit nun 8 Jahren gl\u00fcckliche Offenbacherin. Aufgewachsen bin ich im sch\u00f6nen Odenwald wo ich in der kunterbunten T\u00f6pferwerkstatt meiner Eltern (<a href=\"https:\/\/www.instagram.com\/berit.toepfereiwerkstatt\/\">@berit.toepfereiwerkstatt<\/a> ) sozusagen den Tonstaub schon seit fr\u00fchester Kindheit eingeatmet habe. Nun m\u00f6chte ich im ClayClub die Begeisterung f\u00fcr das T\u00f6pfern weitergeben!<\/p>\n<\/div>\n<\/div>\n\n\n\n<p>\u25ba <a rel=\"noreferrer noopener\" href=\"https:\/\/www.instagram.com\/clayclub.offenbach\/\" data-type=\"URL\" data-id=\"https:\/\/www.instagram.com\/clayclub.offenbach\/\" target=\"_blank\">Clayclub auf Instagram<\/a>    <\/p>\n\n\n\n<figure class=\"wp-block-gallery has-nested-images columns-default is-cropped wp-block-gallery-1 is-layout-flex wp-block-gallery-is-layout-flex\">\n<figure class=\"wp-block-image size-large\"><img loading=\"lazy\" decoding=\"async\" width=\"1022\" height=\"1024\" data-id=\"1585\" src=\"https:\/\/offenbar-offenbach.de\/wp-content\/uploads\/2024\/05\/Screenshot_20240502-110110_Instagram-1022x1024.jpg\" alt=\"\" class=\"wp-image-1585\" srcset=\"https:\/\/offenbar-offenbach.de\/wp-content\/uploads\/2024\/05\/Screenshot_20240502-110110_Instagram-1022x1024.jpg 1022w, https:\/\/offenbar-offenbach.de\/wp-content\/uploads\/2024\/05\/Screenshot_20240502-110110_Instagram-300x300.jpg 300w, https:\/\/offenbar-offenbach.de\/wp-content\/uploads\/2024\/05\/Screenshot_20240502-110110_Instagram-150x150.jpg 150w, https:\/\/offenbar-offenbach.de\/wp-content\/uploads\/2024\/05\/Screenshot_20240502-110110_Instagram-768x769.jpg 768w, https:\/\/offenbar-offenbach.de\/wp-content\/uploads\/2024\/05\/Screenshot_20240502-110110_Instagram-90x90.jpg 90w, https:\/\/offenbar-offenbach.de\/wp-content\/uploads\/2024\/05\/Screenshot_20240502-110110_Instagram-379x380.jpg 379w, https:\/\/offenbar-offenbach.de\/wp-content\/uploads\/2024\/05\/Screenshot_20240502-110110_Instagram.jpg 1079w\" sizes=\"auto, (max-width: 1022px) 100vw, 1022px\" \/><\/figure>\n\n\n\n<figure class=\"wp-block-image size-large\"><img loading=\"lazy\" decoding=\"async\" width=\"1004\" height=\"1024\" data-id=\"1586\" src=\"https:\/\/offenbar-offenbach.de\/wp-content\/uploads\/2024\/05\/Screenshot_20240502-110130_Instagram-1004x1024.jpg\" alt=\"\" class=\"wp-image-1586\" srcset=\"https:\/\/offenbar-offenbach.de\/wp-content\/uploads\/2024\/05\/Screenshot_20240502-110130_Instagram-1004x1024.jpg 1004w, https:\/\/offenbar-offenbach.de\/wp-content\/uploads\/2024\/05\/Screenshot_20240502-110130_Instagram-294x300.jpg 294w, https:\/\/offenbar-offenbach.de\/wp-content\/uploads\/2024\/05\/Screenshot_20240502-110130_Instagram-768x783.jpg 768w, https:\/\/offenbar-offenbach.de\/wp-content\/uploads\/2024\/05\/Screenshot_20240502-110130_Instagram-373x380.jpg 373w, https:\/\/offenbar-offenbach.de\/wp-content\/uploads\/2024\/05\/Screenshot_20240502-110130_Instagram.jpg 1079w\" sizes=\"auto, (max-width: 1004px) 100vw, 1004px\" \/><\/figure>\n\n\n\n<figure class=\"wp-block-image size-large\"><img loading=\"lazy\" decoding=\"async\" width=\"863\" height=\"863\" data-id=\"1584\" src=\"https:\/\/offenbar-offenbach.de\/wp-content\/uploads\/2024\/05\/Screenshot_20240502-110200_Instagram.jpg\" alt=\"\" class=\"wp-image-1584\" srcset=\"https:\/\/offenbar-offenbach.de\/wp-content\/uploads\/2024\/05\/Screenshot_20240502-110200_Instagram.jpg 863w, https:\/\/offenbar-offenbach.de\/wp-content\/uploads\/2024\/05\/Screenshot_20240502-110200_Instagram-300x300.jpg 300w, https:\/\/offenbar-offenbach.de\/wp-content\/uploads\/2024\/05\/Screenshot_20240502-110200_Instagram-150x150.jpg 150w, https:\/\/offenbar-offenbach.de\/wp-content\/uploads\/2024\/05\/Screenshot_20240502-110200_Instagram-768x768.jpg 768w, https:\/\/offenbar-offenbach.de\/wp-content\/uploads\/2024\/05\/Screenshot_20240502-110200_Instagram-90x90.jpg 90w, https:\/\/offenbar-offenbach.de\/wp-content\/uploads\/2024\/05\/Screenshot_20240502-110200_Instagram-380x380.jpg 380w\" sizes=\"auto, (max-width: 863px) 100vw, 863px\" \/><\/figure>\n<\/figure>\n","protected":false},"excerpt":{"rendered":"<p>K\u00fcnstlerisches Schaffen in Keramik &#8211; Clayclub<\/p>\n","protected":false},"author":3,"featured_media":1532,"parent":9,"menu_order":8,"comment_status":"closed","ping_status":"closed","template":"","meta":{"footnotes":""},"class_list":["post-1535","page","type-page","status-publish","has-post-thumbnail","hentry","with-featured-image"],"jetpack_sharing_enabled":true,"_links":{"self":[{"href":"https:\/\/offenbar-offenbach.de\/index.php?rest_route=\/wp\/v2\/pages\/1535","targetHints":{"allow":["GET"]}}],"collection":[{"href":"https:\/\/offenbar-offenbach.de\/index.php?rest_route=\/wp\/v2\/pages"}],"about":[{"href":"https:\/\/offenbar-offenbach.de\/index.php?rest_route=\/wp\/v2\/types\/page"}],"author":[{"embeddable":true,"href":"https:\/\/offenbar-offenbach.de\/index.php?rest_route=\/wp\/v2\/users\/3"}],"replies":[{"embeddable":true,"href":"https:\/\/offenbar-offenbach.de\/index.php?rest_route=%2Fwp%2Fv2%2Fcomments&post=1535"}],"version-history":[{"count":5,"href":"https:\/\/offenbar-offenbach.de\/index.php?rest_route=\/wp\/v2\/pages\/1535\/revisions"}],"predecessor-version":[{"id":1636,"href":"https:\/\/offenbar-offenbach.de\/index.php?rest_route=\/wp\/v2\/pages\/1535\/revisions\/1636"}],"up":[{"embeddable":true,"href":"https:\/\/offenbar-offenbach.de\/index.php?rest_route=\/wp\/v2\/pages\/9"}],"wp:featuredmedia":[{"embeddable":true,"href":"https:\/\/offenbar-offenbach.de\/index.php?rest_route=\/wp\/v2\/media\/1532"}],"wp:attachment":[{"href":"https:\/\/offenbar-offenbach.de\/index.php?rest_route=%2Fwp%2Fv2%2Fmedia&parent=1535"}],"curies":[{"name":"wp","href":"https:\/\/api.w.org\/{rel}","templated":true}]}}