{"id":436,"date":"2017-08-14T10:10:34","date_gmt":"2017-08-14T10:10:34","guid":{"rendered":"http:\/\/offenbar-offenbach.de\/?page_id=436"},"modified":"2017-08-22T07:32:29","modified_gmt":"2017-08-22T07:32:29","slug":"presse","status":"publish","type":"page","link":"https:\/\/offenbar-offenbach.de\/?page_id=436","title":{"rendered":"Presse"},"content":{"rendered":"<h3>Das Bier lieber aus der Trinkhalle<\/h3>\n<p>Offenbach Post 21.08.2017<\/p>\n<p><img loading=\"lazy\" decoding=\"async\" class=\"alignnone wp-image-561 size-large\" src=\"https:\/\/offenbar-offenbach.de\/wp-content\/uploads\/2017\/08\/Scan_OP_21-08-2017-e1503387000339-1024x720.jpg\" alt=\"\" width=\"620\" height=\"436\" srcset=\"https:\/\/offenbar-offenbach.de\/wp-content\/uploads\/2017\/08\/Scan_OP_21-08-2017-e1503387000339-1024x720.jpg 1024w, https:\/\/offenbar-offenbach.de\/wp-content\/uploads\/2017\/08\/Scan_OP_21-08-2017-e1503387000339-300x211.jpg 300w, https:\/\/offenbar-offenbach.de\/wp-content\/uploads\/2017\/08\/Scan_OP_21-08-2017-e1503387000339-768x540.jpg 768w, https:\/\/offenbar-offenbach.de\/wp-content\/uploads\/2017\/08\/Scan_OP_21-08-2017-e1503387000339-540x380.jpg 540w, https:\/\/offenbar-offenbach.de\/wp-content\/uploads\/2017\/08\/Scan_OP_21-08-2017-e1503387000339.jpg 1752w\" sizes=\"auto, (max-width: 620px) 100vw, 620px\" \/><\/p>\n<hr \/>\n<h3>Es lebe das B\u00fcdchen!<\/h3>\n<p>Rhein-Main Extra Tipp 13.08.2017<\/p>\n<p><img loading=\"lazy\" decoding=\"async\" class=\"alignnone wp-image-534 size-large\" src=\"https:\/\/offenbar-offenbach.de\/wp-content\/uploads\/2017\/08\/b\u00fcdchenzusammenkopiert-604x1024.png\" alt=\"\" width=\"604\" height=\"1024\" srcset=\"https:\/\/offenbar-offenbach.de\/wp-content\/uploads\/2017\/08\/b\u00fcdchenzusammenkopiert-604x1024.png 604w, https:\/\/offenbar-offenbach.de\/wp-content\/uploads\/2017\/08\/b\u00fcdchenzusammenkopiert-177x300.png 177w, https:\/\/offenbar-offenbach.de\/wp-content\/uploads\/2017\/08\/b\u00fcdchenzusammenkopiert-768x1303.png 768w, https:\/\/offenbar-offenbach.de\/wp-content\/uploads\/2017\/08\/b\u00fcdchenzusammenkopiert-224x380.png 224w, https:\/\/offenbar-offenbach.de\/wp-content\/uploads\/2017\/08\/b\u00fcdchenzusammenkopiert.png 968w\" sizes=\"auto, (max-width: 604px) 100vw, 604px\" \/><\/p>\n<hr \/>\n<h3>Betonobjekte selber gie\u00dfen<\/h3>\n<p>Offenbach Post 07.08.2017<\/p>\n<p><img loading=\"lazy\" decoding=\"async\" class=\"alignnone wp-image-536 size-full\" src=\"https:\/\/offenbar-offenbach.de\/wp-content\/uploads\/2017\/08\/OP_Betonworkshop_1708-1.jpg\" alt=\"\" width=\"795\" height=\"500\" srcset=\"https:\/\/offenbar-offenbach.de\/wp-content\/uploads\/2017\/08\/OP_Betonworkshop_1708-1.jpg 795w, https:\/\/offenbar-offenbach.de\/wp-content\/uploads\/2017\/08\/OP_Betonworkshop_1708-1-300x189.jpg 300w, https:\/\/offenbar-offenbach.de\/wp-content\/uploads\/2017\/08\/OP_Betonworkshop_1708-1-768x483.jpg 768w, https:\/\/offenbar-offenbach.de\/wp-content\/uploads\/2017\/08\/OP_Betonworkshop_1708-1-604x380.jpg 604w\" sizes=\"auto, (max-width: 795px) 100vw, 795px\" \/><\/p>\n<hr \/>\n<h3>F\u00fcr K\u00fcnstler im Nebenberuf<\/h3>\n<p>Frankfurter Rundschau 06.06.2017<\/p>\n<p><img loading=\"lazy\" decoding=\"async\" class=\"alignnone wp-image-523 size-large\" src=\"https:\/\/offenbar-offenbach.de\/wp-content\/uploads\/2017\/08\/Artikel_FR_06_06_2017-956x1024.jpg\" alt=\"\" width=\"620\" height=\"664\" srcset=\"https:\/\/offenbar-offenbach.de\/wp-content\/uploads\/2017\/08\/Artikel_FR_06_06_2017-956x1024.jpg 956w, https:\/\/offenbar-offenbach.de\/wp-content\/uploads\/2017\/08\/Artikel_FR_06_06_2017-280x300.jpg 280w, https:\/\/offenbar-offenbach.de\/wp-content\/uploads\/2017\/08\/Artikel_FR_06_06_2017-768x823.jpg 768w, https:\/\/offenbar-offenbach.de\/wp-content\/uploads\/2017\/08\/Artikel_FR_06_06_2017-355x380.jpg 355w, https:\/\/offenbar-offenbach.de\/wp-content\/uploads\/2017\/08\/Artikel_FR_06_06_2017.jpg 1174w\" sizes=\"auto, (max-width: 620px) 100vw, 620px\" \/><\/p>\n<hr \/>\n<h3>Kreatives aus dem Kunst-Kiosk<\/h3>\n<p>Offenbach Post 06.06.2017<\/p>\n<p><img loading=\"lazy\" decoding=\"async\" class=\"alignnone wp-image-525 size-large\" src=\"https:\/\/offenbar-offenbach.de\/wp-content\/uploads\/2017\/08\/Artikel_OP_06_06_2017-901x1024.jpg\" alt=\"\" width=\"620\" height=\"705\" srcset=\"https:\/\/offenbar-offenbach.de\/wp-content\/uploads\/2017\/08\/Artikel_OP_06_06_2017-901x1024.jpg 901w, https:\/\/offenbar-offenbach.de\/wp-content\/uploads\/2017\/08\/Artikel_OP_06_06_2017-264x300.jpg 264w, https:\/\/offenbar-offenbach.de\/wp-content\/uploads\/2017\/08\/Artikel_OP_06_06_2017-768x873.jpg 768w, https:\/\/offenbar-offenbach.de\/wp-content\/uploads\/2017\/08\/Artikel_OP_06_06_2017-334x380.jpg 334w, https:\/\/offenbar-offenbach.de\/wp-content\/uploads\/2017\/08\/Artikel_OP_06_06_2017.jpg 1387w\" sizes=\"auto, (max-width: 620px) 100vw, 620px\" \/><\/p>\n<hr \/>\n<p><a href=\"https:\/\/offenbar-offenbach.de\/wp-content\/uploads\/2017\/08\/Nachricht_FR_06_05_2017.pdf\" target=\"_blank\" rel=\"noopener noreferrer\">FRANKFURTER RUNDSCHAU 06.05.2017<\/a><\/p>\n<p><a href=\"https:\/\/offenbar-offenbach.de\/wp-content\/uploads\/2017\/08\/Nachricht_Stadtpost_17_05_2017.pdf\" target=\"_blank\" rel=\"noopener noreferrer\">STADTPOST 17.05.2017<\/a><\/p>\n","protected":false},"excerpt":{"rendered":"<p>Das Bier lieber aus der Trinkhalle Offenbach Post 21.08.2017 Es lebe das B\u00fcdchen! Rhein-Main Extra Tipp 13.08.2017 Betonobjekte selber gie\u00dfen Offenbach Post 07.08.2017 F\u00fcr K\u00fcnstler im Nebenberuf Frankfurter Rundschau 06.06.2017 &hellip; <a href=\"https:\/\/offenbar-offenbach.de\/?page_id=436\" class=\"more-link\">Weiterlesen <span class=\"screen-reader-text\">Presse<\/span><\/a><\/p>\n","protected":false},"author":5,"featured_media":0,"parent":0,"menu_order":0,"comment_status":"closed","ping_status":"closed","template":"","meta":{"footnotes":""},"class_list":["post-436","page","type-page","status-publish","hentry","without-featured-image"],"jetpack_sharing_enabled":true,"_links":{"self":[{"href":"https:\/\/offenbar-offenbach.de\/index.php?rest_route=\/wp\/v2\/pages\/436","targetHints":{"allow":["GET"]}}],"collection":[{"href":"https:\/\/offenbar-offenbach.de\/index.php?rest_route=\/wp\/v2\/pages"}],"about":[{"href":"https:\/\/offenbar-offenbach.de\/index.php?rest_route=\/wp\/v2\/types\/page"}],"author":[{"embeddable":true,"href":"https:\/\/offenbar-offenbach.de\/index.php?rest_route=\/wp\/v2\/users\/5"}],"replies":[{"embeddable":true,"href":"https:\/\/offenbar-offenbach.de\/index.php?rest_route=%2Fwp%2Fv2%2Fcomments&post=436"}],"version-history":[{"count":14,"href":"https:\/\/offenbar-offenbach.de\/index.php?rest_route=\/wp\/v2\/pages\/436\/revisions"}],"predecessor-version":[{"id":564,"href":"https:\/\/offenbar-offenbach.de\/index.php?rest_route=\/wp\/v2\/pages\/436\/revisions\/564"}],"wp:attachment":[{"href":"https:\/\/offenbar-offenbach.de\/index.php?rest_route=%2Fwp%2Fv2%2Fmedia&parent=436"}],"curies":[{"name":"wp","href":"https:\/\/api.w.org\/{rel}","templated":true}]}}